{"id":3462,"date":"2022-01-19T17:28:14","date_gmt":"2022-01-19T17:28:14","guid":{"rendered":"https:\/\/florencetour.com\/home\/"},"modified":"2025-02-11T02:09:05","modified_gmt":"2025-02-11T02:09:05","slug":"home","status":"publish","type":"page","link":"https:\/\/florencetour.com\/fr\/","title":{"rendered":"Accueil"},"content":{"rendered":"","protected":false},"excerpt":{"rendered":"","protected":false},"author":1,"featured_media":3138,"parent":0,"menu_order":2,"comment_status":"closed","ping_status":"closed","template":"","meta":{"_acf_changed":false,"inline_featured_image":false,"footnotes":""},"categories":[],"tags":[],"class_list":["post-3462","page","type-page","status-publish","has-post-thumbnail","hentry"],"acf":[],"yoast_head":"<!-- This site is optimized with the Yoast SEO plugin v24.4 - https:\/\/yoast.com\/wordpress\/plugins\/seo\/ -->\n<title>Tours guid\u00e9s priv\u00e9s \u00e0 Florence - Guide de la CCN Toscane - Florencetour.com<\/title>\n<meta name=\"description\" content=\"La meilleure fa\u00e7on de profiter de la beaut\u00e9 de Florence et de ses environs est de compter sur l&#039;assistance professionnelle et experte du guide touristique agr\u00e9\u00e9 Paola.\" \/>\n<meta name=\"robots\" content=\"index, follow, max-snippet:-1, max-image-preview:large, max-video-preview:-1\" \/>\n<link rel=\"canonical\" href=\"https:\/\/florencetour.com\/fr\/\" \/>\n<meta property=\"og:locale\" content=\"fr_FR\" \/>\n<meta property=\"og:type\" content=\"article\" \/>\n<meta property=\"og:title\" content=\"Tours guid\u00e9s priv\u00e9s \u00e0 Florence - Guide de la CCN Toscane - Florencetour.com\" \/>\n<meta property=\"og:description\" content=\"La meilleure fa\u00e7on de profiter de la beaut\u00e9 de Florence et de ses environs est de compter sur l&#039;assistance professionnelle et experte du guide touristique agr\u00e9\u00e9 Paola.\" \/>\n<meta property=\"og:url\" content=\"https:\/\/florencetour.com\/fr\/\" \/>\n<meta property=\"og:site_name\" content=\"FlorenceTour\" \/>\n<meta property=\"article:modified_time\" content=\"2025-02-11T02:09:05+00:00\" \/>\n<meta name=\"twitter:card\" content=\"summary_large_image\" \/>\n<meta name=\"twitter:label1\" content=\"Dur\u00e9e de lecture estim\u00e9e\" \/>\n\t<meta name=\"twitter:data1\" content=\"4 minutes\" \/>\n<script type=\"application\/ld+json\" class=\"yoast-schema-graph\">{\"@context\":\"https:\/\/schema.org\",\"@graph\":[{\"@type\":\"WebPage\",\"@id\":\"https:\/\/florencetour.com\/fr\/\",\"url\":\"https:\/\/florencetour.com\/fr\/\",\"name\":\"Tours guid\u00e9s priv\u00e9s \u00e0 Florence - Guide de la CCN Toscane - Florencetour.com\",\"isPartOf\":{\"@id\":\"https:\/\/florencetour.com\/fr\/#website\"},\"primaryImageOfPage\":{\"@id\":\"https:\/\/florencetour.com\/fr\/#primaryimage\"},\"image\":{\"@id\":\"https:\/\/florencetour.com\/fr\/#primaryimage\"},\"thumbnailUrl\":\"https:\/\/picsum.photos\/2000\/1000?page2693\",\"datePublished\":\"2022-01-19T17:28:14+00:00\",\"dateModified\":\"2025-02-11T02:09:05+00:00\",\"description\":\"La meilleure fa\u00e7on de profiter de la beaut\u00e9 de Florence et de ses environs est de compter sur l'assistance professionnelle et experte du guide touristique agr\u00e9\u00e9 Paola.\",\"breadcrumb\":{\"@id\":\"https:\/\/florencetour.com\/fr\/#breadcrumb\"},\"inLanguage\":\"fr-FR\",\"potentialAction\":[{\"@type\":\"ReadAction\",\"target\":[\"https:\/\/florencetour.com\/fr\/\"]}]},{\"@type\":\"ImageObject\",\"inLanguage\":\"fr-FR\",\"@id\":\"https:\/\/florencetour.com\/fr\/#primaryimage\",\"url\":\"https:\/\/picsum.photos\/2000\/1000?page2693\",\"contentUrl\":\"https:\/\/picsum.photos\/2000\/1000?page2693\"},{\"@type\":\"BreadcrumbList\",\"@id\":\"https:\/\/florencetour.com\/fr\/#breadcrumb\",\"itemListElement\":[{\"@type\":\"ListItem\",\"position\":1,\"name\":\"Home\",\"item\":\"https:\/\/florencetour.com\/fr\/\"},{\"@type\":\"ListItem\",\"position\":2,\"name\":\"Accueil\"}]},{\"@type\":\"WebSite\",\"@id\":\"https:\/\/florencetour.com\/fr\/#website\",\"url\":\"https:\/\/florencetour.com\/fr\/\",\"name\":\"FlorenceTour\",\"description\":\"Florence Tour Guide\",\"potentialAction\":[{\"@type\":\"SearchAction\",\"target\":{\"@type\":\"EntryPoint\",\"urlTemplate\":\"https:\/\/florencetour.com\/fr\/?s={search_term_string}\"},\"query-input\":{\"@type\":\"PropertyValueSpecification\",\"valueRequired\":true,\"valueName\":\"search_term_string\"}}],\"inLanguage\":\"fr-FR\"}]}<\/script>\n<!-- \/ Yoast SEO plugin. -->","yoast_head_json":{"title":"Tours guid\u00e9s priv\u00e9s \u00e0 Florence - Guide de la CCN Toscane - Florencetour.com","description":"La meilleure fa\u00e7on de profiter de la beaut\u00e9 de Florence et de ses environs est de compter sur l'assistance professionnelle et experte du guide touristique agr\u00e9\u00e9 Paola.","robots":{"index":"index","follow":"follow","max-snippet":"max-snippet:-1","max-image-preview":"max-image-preview:large","max-video-preview":"max-video-preview:-1"},"canonical":"https:\/\/florencetour.com\/fr\/","og_locale":"fr_FR","og_type":"article","og_title":"Tours guid\u00e9s priv\u00e9s \u00e0 Florence - Guide de la CCN Toscane - Florencetour.com","og_description":"La meilleure fa\u00e7on de profiter de la beaut\u00e9 de Florence et de ses environs est de compter sur l'assistance professionnelle et experte du guide touristique agr\u00e9\u00e9 Paola.","og_url":"https:\/\/florencetour.com\/fr\/","og_site_name":"FlorenceTour","article_modified_time":"2025-02-11T02:09:05+00:00","twitter_card":"summary_large_image","twitter_misc":{"Dur\u00e9e de lecture estim\u00e9e":"4 minutes"},"schema":{"@context":"https:\/\/schema.org","@graph":[{"@type":"WebPage","@id":"https:\/\/florencetour.com\/fr\/","url":"https:\/\/florencetour.com\/fr\/","name":"Tours guid\u00e9s priv\u00e9s \u00e0 Florence - Guide de la CCN Toscane - Florencetour.com","isPartOf":{"@id":"https:\/\/florencetour.com\/fr\/#website"},"primaryImageOfPage":{"@id":"https:\/\/florencetour.com\/fr\/#primaryimage"},"image":{"@id":"https:\/\/florencetour.com\/fr\/#primaryimage"},"thumbnailUrl":"https:\/\/picsum.photos\/2000\/1000?page2693","datePublished":"2022-01-19T17:28:14+00:00","dateModified":"2025-02-11T02:09:05+00:00","description":"La meilleure fa\u00e7on de profiter de la beaut\u00e9 de Florence et de ses environs est de compter sur l'assistance professionnelle et experte du guide touristique agr\u00e9\u00e9 Paola.","breadcrumb":{"@id":"https:\/\/florencetour.com\/fr\/#breadcrumb"},"inLanguage":"fr-FR","potentialAction":[{"@type":"ReadAction","target":["https:\/\/florencetour.com\/fr\/"]}]},{"@type":"ImageObject","inLanguage":"fr-FR","@id":"https:\/\/florencetour.com\/fr\/#primaryimage","url":"https:\/\/picsum.photos\/2000\/1000?page2693","contentUrl":"https:\/\/picsum.photos\/2000\/1000?page2693"},{"@type":"BreadcrumbList","@id":"https:\/\/florencetour.com\/fr\/#breadcrumb","itemListElement":[{"@type":"ListItem","position":1,"name":"Home","item":"https:\/\/florencetour.com\/fr\/"},{"@type":"ListItem","position":2,"name":"Accueil"}]},{"@type":"WebSite","@id":"https:\/\/florencetour.com\/fr\/#website","url":"https:\/\/florencetour.com\/fr\/","name":"FlorenceTour","description":"Florence Tour Guide","potentialAction":[{"@type":"SearchAction","target":{"@type":"EntryPoint","urlTemplate":"https:\/\/florencetour.com\/fr\/?s={search_term_string}"},"query-input":{"@type":"PropertyValueSpecification","valueRequired":true,"valueName":"search_term_string"}}],"inLanguage":"fr-FR"}]}},"_links":{"self":[{"href":"https:\/\/florencetour.com\/fr\/wp-json\/wp\/v2\/pages\/3462","targetHints":{"allow":["GET"]}}],"collection":[{"href":"https:\/\/florencetour.com\/fr\/wp-json\/wp\/v2\/pages"}],"about":[{"href":"https:\/\/florencetour.com\/fr\/wp-json\/wp\/v2\/types\/page"}],"author":[{"embeddable":true,"href":"https:\/\/florencetour.com\/fr\/wp-json\/wp\/v2\/users\/1"}],"replies":[{"embeddable":true,"href":"https:\/\/florencetour.com\/fr\/wp-json\/wp\/v2\/comments?post=3462"}],"version-history":[{"count":0,"href":"https:\/\/florencetour.com\/fr\/wp-json\/wp\/v2\/pages\/3462\/revisions"}],"wp:featuredmedia":[{"embeddable":true,"href":"https:\/\/florencetour.com\/fr\/wp-json\/wp\/v2\/media\/3138"}],"wp:attachment":[{"href":"https:\/\/florencetour.com\/fr\/wp-json\/wp\/v2\/media?parent=3462"}],"wp:term":[{"taxonomy":"category","embeddable":true,"href":"https:\/\/florencetour.com\/fr\/wp-json\/wp\/v2\/categories?post=3462"},{"taxonomy":"post_tag","embeddable":true,"href":"https:\/\/florencetour.com\/fr\/wp-json\/wp\/v2\/tags?post=3462"}],"curies":[{"name":"wp","href":"https:\/\/api.w.org\/{rel}","templated":true}]}}