{"id":2720,"date":"2022-01-19T17:34:52","date_gmt":"2022-01-19T17:34:52","guid":{"rendered":"https:\/\/florencetour.com\/circuits-speciaux-en-toscane-et-au-dela\/"},"modified":"2025-02-11T01:19:29","modified_gmt":"2025-02-11T01:19:29","slug":"circuits-speciaux-en-toscane-et-au-dela","status":"publish","type":"page","link":"https:\/\/florencetour.com\/fr\/circuits-speciaux-en-toscane-et-au-dela\/","title":{"rendered":"Visites sp\u00e9ciales en Toscane et dans les environs"},"content":{"rendered":"\n<h2 class=\"has-text-align-center wp-block-heading\">VISITES GUID\u00c9ES PRIV\u00c9ES EN TOSCANE<\/h2>\n\n\n\n<h4 class=\"has-text-align-center wp-block-heading\">CON\u00c7U SP\u00c9CIALEMENT POUR VOUS<\/h4>\n\n\n\n<hr class=\"wp-block-separator is-style-wide\"\/>\n\n\n\n<div class=\"wp-block-image\"><figure class=\"alignright size-full is-resized\"><img loading=\"lazy\" decoding=\"async\" src=\"https:\/\/florencetour.com\/wp-content\/uploads\/2018\/07\/paola-migliorni-personalized-tuscany-tours.jpg\" alt=\"\" class=\"wp-image-2240\" width=\"415\" height=\"185\" srcset=\"https:\/\/florencetour.com\/wp-content\/uploads\/2018\/07\/paola-migliorni-personalized-tuscany-tours.jpg 900w, https:\/\/florencetour.com\/wp-content\/uploads\/2018\/07\/paola-migliorni-personalized-tuscany-tours-300x133.jpg 300w, https:\/\/florencetour.com\/wp-content\/uploads\/2018\/07\/paola-migliorni-personalized-tuscany-tours-768x341.jpg 768w\" sizes=\"auto, (max-width: 415px) 100vw, 415px\" \/><\/figure><\/div>\n\n\n\n<p>Parfois, vous souhaitez sortir des circuits classiques en Toscane et vivre une exp\u00e9rience personnalis\u00e9e, bas\u00e9e sur vos besoins et vos d\u00e9sirs r\u00e9els.<\/p>\n\n\n\n<p>Et souvent, vous allez m\u00eame au-del\u00e0 de la Toscane et de Florence pour visiter certains sites classiques \u00e0 proximit\u00e9, comme les Cinque Terre ou les mus\u00e9es Ferrari et Lamborghini.<\/p>\n\n\n\n<p>Paola et ses partenaires ont pr\u00e9par\u00e9 quelques circuits sur mesure qui explorent certaines de ces destinations tr\u00e8s sp\u00e9ciales.<\/p>\n\n\n\n<p>Si vous ne trouvez pas ce que vous cherchez, contactez Paola et ses partenaires et ils cr\u00e9eront le circuit de vos r\u00eaves, sur mesure pour vous.<\/p>\n\n\n\n<div class=\"wp-block-image\"><figure class=\"alignleft size-medium is-resized\"><img loading=\"lazy\" decoding=\"async\" src=\"https:\/\/florencetour.com\/wp-content\/uploads\/2021\/04\/van-3-300x225.jpeg\" alt=\"\" class=\"wp-image-2425\" width=\"300\" height=\"255\"\/><figcaption>Van priv\u00e9 de 9 places avec permis NCC pour entrer dans la zone \u00e0 circulation limit\u00e9e.<\/figcaption><\/figure><\/div>\n\n\n\n<p>Ma grande exp\u00e9rience et ma connaissance de la r\u00e9gion toscane me permettent de vous guider pour visiter tous ses joyaux. Je serai heureuse de vous aider \u00e0 d\u00e9couvrir notre beau territoire.<\/p>\n\n\n\n<p>Nos visites peuvent \u00e9galement inclure des d\u00e9gustations de vins, des cours de cuisine. Nous pouvons organiser des circuits de shopping au d\u00e9part de Florence ou des excursions \u00e0 terre depuis votre bateau de croisi\u00e8re \u00e0 partir du port de Livourne.<\/p>\n\n\n\n<p>Consid\u00e9rez qu'une journ\u00e9e en Toscane est suffisante pour d\u00e9couvrir la majeure partie de la r\u00e9gion. Nous pouvons organiser des visites intensives \u00e0 Lucques et Pise, San Gimignano et Chianti, Sienne.<\/p>\n","protected":false},"excerpt":{"rendered":"<p>VISITES GUID\u00c9ES PRIV\u00c9ES EN TOSCANE CON\u00c7U SP\u00c9CIALEMENT POUR VOUS Parfois, vous souhaitez sortir des circuits classiques en Toscane et vivre une exp\u00e9rience personnalis\u00e9e, bas\u00e9e sur vos besoins et vos d\u00e9sirs r\u00e9els. Et souvent, vous allez m\u00eame au-del\u00e0 de la Toscane et de Florence pour visiter certains sites classiques \u00e0 proximit\u00e9, comme les Cinque Terre ou...<\/p>\n","protected":false},"author":1,"featured_media":2440,"parent":0,"menu_order":11,"comment_status":"closed","ping_status":"closed","template":"","meta":{"_acf_changed":false,"inline_featured_image":false,"footnotes":""},"categories":[],"tags":[22],"class_list":["post-2720","page","type-page","status-publish","has-post-thumbnail","hentry","tag-categorie-de-circuit"],"acf":[],"yoast_head":"<!-- This site is optimized with the Yoast SEO plugin v24.4 - https:\/\/yoast.com\/wordpress\/plugins\/seo\/ -->\n<title>Visites sp\u00e9ciales en Toscane et dans les environs - FlorenceTour<\/title>\n<meta name=\"description\" content=\"Pour sortir des circuits classiques en Toscane et profiter d&#039;une exp\u00e9rience personnalis\u00e9e, m\u00eame au-del\u00e0 de la visite de sites comme les Cinque Terre ou les mus\u00e9es Ferrari et Lamborghini.\" \/>\n<meta name=\"robots\" content=\"index, follow, max-snippet:-1, max-image-preview:large, max-video-preview:-1\" \/>\n<link rel=\"canonical\" href=\"https:\/\/florencetour.com\/fr\/circuits-speciaux-en-toscane-et-au-dela\/\" \/>\n<meta property=\"og:locale\" content=\"fr_FR\" \/>\n<meta property=\"og:type\" content=\"article\" \/>\n<meta property=\"og:title\" content=\"Visites sp\u00e9ciales en Toscane et dans les environs - FlorenceTour\" \/>\n<meta property=\"og:description\" content=\"Pour sortir des circuits classiques en Toscane et profiter d&#039;une exp\u00e9rience personnalis\u00e9e, m\u00eame au-del\u00e0 de la visite de sites comme les Cinque Terre ou les mus\u00e9es Ferrari et Lamborghini.\" \/>\n<meta property=\"og:url\" content=\"https:\/\/florencetour.com\/fr\/circuits-speciaux-en-toscane-et-au-dela\/\" \/>\n<meta property=\"og:site_name\" content=\"FlorenceTour\" \/>\n<meta property=\"article:modified_time\" content=\"2025-02-11T01:19:29+00:00\" \/>\n<meta property=\"og:image\" content=\"https:\/\/florencetour.com\/wp-content\/uploads\/2021\/05\/header-4.jpg\" \/>\n\t<meta property=\"og:image:width\" content=\"2560\" \/>\n\t<meta property=\"og:image:height\" content=\"1920\" \/>\n\t<meta property=\"og:image:type\" content=\"image\/jpeg\" \/>\n<meta name=\"twitter:card\" content=\"summary_large_image\" \/>\n<meta name=\"twitter:label1\" content=\"Dur\u00e9e de lecture estim\u00e9e\" \/>\n\t<meta name=\"twitter:data1\" content=\"2 minutes\" \/>\n<script type=\"application\/ld+json\" class=\"yoast-schema-graph\">{\"@context\":\"https:\/\/schema.org\",\"@graph\":[{\"@type\":\"WebPage\",\"@id\":\"https:\/\/florencetour.com\/fr\/circuits-speciaux-en-toscane-et-au-dela\/\",\"url\":\"https:\/\/florencetour.com\/fr\/circuits-speciaux-en-toscane-et-au-dela\/\",\"name\":\"Visites sp\u00e9ciales en Toscane et dans les environs - FlorenceTour\",\"isPartOf\":{\"@id\":\"https:\/\/florencetour.com\/fr\/#website\"},\"primaryImageOfPage\":{\"@id\":\"https:\/\/florencetour.com\/fr\/circuits-speciaux-en-toscane-et-au-dela\/#primaryimage\"},\"image\":{\"@id\":\"https:\/\/florencetour.com\/fr\/circuits-speciaux-en-toscane-et-au-dela\/#primaryimage\"},\"thumbnailUrl\":\"https:\/\/florencetour.com\/wp-content\/uploads\/2021\/05\/header-4.jpg\",\"datePublished\":\"2022-01-19T17:34:52+00:00\",\"dateModified\":\"2025-02-11T01:19:29+00:00\",\"description\":\"Pour sortir des circuits classiques en Toscane et profiter d'une exp\u00e9rience personnalis\u00e9e, m\u00eame au-del\u00e0 de la visite de sites comme les Cinque Terre ou les mus\u00e9es Ferrari et Lamborghini.\",\"breadcrumb\":{\"@id\":\"https:\/\/florencetour.com\/fr\/circuits-speciaux-en-toscane-et-au-dela\/#breadcrumb\"},\"inLanguage\":\"fr-FR\",\"potentialAction\":[{\"@type\":\"ReadAction\",\"target\":[\"https:\/\/florencetour.com\/fr\/circuits-speciaux-en-toscane-et-au-dela\/\"]}]},{\"@type\":\"ImageObject\",\"inLanguage\":\"fr-FR\",\"@id\":\"https:\/\/florencetour.com\/fr\/circuits-speciaux-en-toscane-et-au-dela\/#primaryimage\",\"url\":\"https:\/\/florencetour.com\/wp-content\/uploads\/2021\/05\/header-4.jpg\",\"contentUrl\":\"https:\/\/florencetour.com\/wp-content\/uploads\/2021\/05\/header-4.jpg\",\"width\":2560,\"height\":1920,\"caption\":\"UN AMOUR INTRINS\u00c8QUE POUR LA FLORENCE ET LA TOSCANE\"},{\"@type\":\"BreadcrumbList\",\"@id\":\"https:\/\/florencetour.com\/fr\/circuits-speciaux-en-toscane-et-au-dela\/#breadcrumb\",\"itemListElement\":[{\"@type\":\"ListItem\",\"position\":1,\"name\":\"Home\",\"item\":\"https:\/\/florencetour.com\/fr\/\"},{\"@type\":\"ListItem\",\"position\":2,\"name\":\"Visites sp\u00e9ciales en Toscane et dans les environs\"}]},{\"@type\":\"WebSite\",\"@id\":\"https:\/\/florencetour.com\/fr\/#website\",\"url\":\"https:\/\/florencetour.com\/fr\/\",\"name\":\"FlorenceTour\",\"description\":\"Florence Tour Guide\",\"potentialAction\":[{\"@type\":\"SearchAction\",\"target\":{\"@type\":\"EntryPoint\",\"urlTemplate\":\"https:\/\/florencetour.com\/fr\/?s={search_term_string}\"},\"query-input\":{\"@type\":\"PropertyValueSpecification\",\"valueRequired\":true,\"valueName\":\"search_term_string\"}}],\"inLanguage\":\"fr-FR\"}]}<\/script>\n<!-- \/ Yoast SEO plugin. -->","yoast_head_json":{"title":"Visites sp\u00e9ciales en Toscane et dans les environs - FlorenceTour","description":"Pour sortir des circuits classiques en Toscane et profiter d'une exp\u00e9rience personnalis\u00e9e, m\u00eame au-del\u00e0 de la visite de sites comme les Cinque Terre ou les mus\u00e9es Ferrari et Lamborghini.","robots":{"index":"index","follow":"follow","max-snippet":"max-snippet:-1","max-image-preview":"max-image-preview:large","max-video-preview":"max-video-preview:-1"},"canonical":"https:\/\/florencetour.com\/fr\/circuits-speciaux-en-toscane-et-au-dela\/","og_locale":"fr_FR","og_type":"article","og_title":"Visites sp\u00e9ciales en Toscane et dans les environs - FlorenceTour","og_description":"Pour sortir des circuits classiques en Toscane et profiter d'une exp\u00e9rience personnalis\u00e9e, m\u00eame au-del\u00e0 de la visite de sites comme les Cinque Terre ou les mus\u00e9es Ferrari et Lamborghini.","og_url":"https:\/\/florencetour.com\/fr\/circuits-speciaux-en-toscane-et-au-dela\/","og_site_name":"FlorenceTour","article_modified_time":"2025-02-11T01:19:29+00:00","og_image":[{"width":2560,"height":1920,"url":"https:\/\/florencetour.com\/wp-content\/uploads\/2021\/05\/header-4.jpg","type":"image\/jpeg"}],"twitter_card":"summary_large_image","twitter_misc":{"Dur\u00e9e de lecture estim\u00e9e":"2 minutes"},"schema":{"@context":"https:\/\/schema.org","@graph":[{"@type":"WebPage","@id":"https:\/\/florencetour.com\/fr\/circuits-speciaux-en-toscane-et-au-dela\/","url":"https:\/\/florencetour.com\/fr\/circuits-speciaux-en-toscane-et-au-dela\/","name":"Visites sp\u00e9ciales en Toscane et dans les environs - FlorenceTour","isPartOf":{"@id":"https:\/\/florencetour.com\/fr\/#website"},"primaryImageOfPage":{"@id":"https:\/\/florencetour.com\/fr\/circuits-speciaux-en-toscane-et-au-dela\/#primaryimage"},"image":{"@id":"https:\/\/florencetour.com\/fr\/circuits-speciaux-en-toscane-et-au-dela\/#primaryimage"},"thumbnailUrl":"https:\/\/florencetour.com\/wp-content\/uploads\/2021\/05\/header-4.jpg","datePublished":"2022-01-19T17:34:52+00:00","dateModified":"2025-02-11T01:19:29+00:00","description":"Pour sortir des circuits classiques en Toscane et profiter d'une exp\u00e9rience personnalis\u00e9e, m\u00eame au-del\u00e0 de la visite de sites comme les Cinque Terre ou les mus\u00e9es Ferrari et Lamborghini.","breadcrumb":{"@id":"https:\/\/florencetour.com\/fr\/circuits-speciaux-en-toscane-et-au-dela\/#breadcrumb"},"inLanguage":"fr-FR","potentialAction":[{"@type":"ReadAction","target":["https:\/\/florencetour.com\/fr\/circuits-speciaux-en-toscane-et-au-dela\/"]}]},{"@type":"ImageObject","inLanguage":"fr-FR","@id":"https:\/\/florencetour.com\/fr\/circuits-speciaux-en-toscane-et-au-dela\/#primaryimage","url":"https:\/\/florencetour.com\/wp-content\/uploads\/2021\/05\/header-4.jpg","contentUrl":"https:\/\/florencetour.com\/wp-content\/uploads\/2021\/05\/header-4.jpg","width":2560,"height":1920,"caption":"UN AMOUR INTRINS\u00c8QUE POUR LA FLORENCE ET LA TOSCANE"},{"@type":"BreadcrumbList","@id":"https:\/\/florencetour.com\/fr\/circuits-speciaux-en-toscane-et-au-dela\/#breadcrumb","itemListElement":[{"@type":"ListItem","position":1,"name":"Home","item":"https:\/\/florencetour.com\/fr\/"},{"@type":"ListItem","position":2,"name":"Visites sp\u00e9ciales en Toscane et dans les environs"}]},{"@type":"WebSite","@id":"https:\/\/florencetour.com\/fr\/#website","url":"https:\/\/florencetour.com\/fr\/","name":"FlorenceTour","description":"Florence Tour Guide","potentialAction":[{"@type":"SearchAction","target":{"@type":"EntryPoint","urlTemplate":"https:\/\/florencetour.com\/fr\/?s={search_term_string}"},"query-input":{"@type":"PropertyValueSpecification","valueRequired":true,"valueName":"search_term_string"}}],"inLanguage":"fr-FR"}]}},"_links":{"self":[{"href":"https:\/\/florencetour.com\/fr\/wp-json\/wp\/v2\/pages\/2720","targetHints":{"allow":["GET"]}}],"collection":[{"href":"https:\/\/florencetour.com\/fr\/wp-json\/wp\/v2\/pages"}],"about":[{"href":"https:\/\/florencetour.com\/fr\/wp-json\/wp\/v2\/types\/page"}],"author":[{"embeddable":true,"href":"https:\/\/florencetour.com\/fr\/wp-json\/wp\/v2\/users\/1"}],"replies":[{"embeddable":true,"href":"https:\/\/florencetour.com\/fr\/wp-json\/wp\/v2\/comments?post=2720"}],"version-history":[{"count":0,"href":"https:\/\/florencetour.com\/fr\/wp-json\/wp\/v2\/pages\/2720\/revisions"}],"wp:featuredmedia":[{"embeddable":true,"href":"https:\/\/florencetour.com\/fr\/wp-json\/wp\/v2\/media\/2440"}],"wp:attachment":[{"href":"https:\/\/florencetour.com\/fr\/wp-json\/wp\/v2\/media?parent=2720"}],"wp:term":[{"taxonomy":"category","embeddable":true,"href":"https:\/\/florencetour.com\/fr\/wp-json\/wp\/v2\/categories?post=2720"},{"taxonomy":"post_tag","embeddable":true,"href":"https:\/\/florencetour.com\/fr\/wp-json\/wp\/v2\/tags?post=2720"}],"curies":[{"name":"wp","href":"https:\/\/api.w.org\/{rel}","templated":true}]}}