{"id":2718,"date":"2022-01-19T17:34:37","date_gmt":"2022-01-19T17:34:37","guid":{"rendered":"https:\/\/florencetour.com\/circuits-de-campagne-en-toscane\/"},"modified":"2025-02-11T01:19:25","modified_gmt":"2025-02-11T01:19:25","slug":"circuits-de-campagne-en-toscane","status":"publish","type":"page","link":"https:\/\/florencetour.com\/fr\/circuits-de-campagne-en-toscane\/","title":{"rendered":"Randonn\u00e9es dans la campagne Toscane"},"content":{"rendered":"\n<h2 class=\"has-text-align-center wp-block-heading\">VISITES DE LA CAMPAGNE TOSCANE<\/h2>\n\n\n\n<h4 class=\"has-text-align-center wp-block-heading\">AVENTURE \u00c0 PROXIMIT\u00c9 DE FLORENCE<\/h4>\n\n\n\n<hr class=\"wp-block-separator is-style-wide\"\/>\n\n\n\n<div class=\"wp-block-image\"><figure class=\"alignright size-large is-resized\"><img loading=\"lazy\" decoding=\"async\" src=\"https:\/\/florencetour.com\/wp-content\/uploads\/2018\/08\/sunflower-dt.jpg\" alt=\"\" class=\"wp-image-2330\" width=\"370\" height=\"333\"\/><\/figure><\/div>\n\n\n\n<p>Le paysage que vous verrez lors de ces <strong>circuits en Toscane<\/strong> est plein de petites villes m\u00e9di\u00e9vales, de routes sinueuses, de vignobles et d'oliveraies. Avec tant de choses \u00e0 voir, il peut \u00eatre utile d'avoir quelqu'un avec des <strong>ann\u00e9es d'exp\u00e9rience<\/strong> pour vous aider avec un tour organis\u00e9 de la campagne - incluant les sites c\u00e9l\u00e8bres ainsi que des surprises sp\u00e9ciales que seul un local peut conna\u00eetre.<\/p>\n\n\n\n<p>Si votre temps dans la r\u00e9gion est limit\u00e9 ou si vous pr\u00e9f\u00e9rez simplement qu'un expert vous fasse visiter les lieux, l'une de ces visites devrait figurer sur votre itin\u00e9raire. <\/p>\n\n\n\n<p>Parcourez la liste ci-dessous d'id\u00e9es d'excursions en Toscane, avec des suggestions de d\u00e9gustations de vins, des possibilit\u00e9s de photos et la possibilit\u00e9 d'inclure des billets pour les principales attractions.<\/p>\n\n\n\n<p>Si vous ne voyez pas ce que vous cherchez, contactez Paola et son mari et ils cr\u00e9eront la visite de vos r\u00eaves, sp\u00e9cialement pour vous.<\/p>\n\n\n\n<p>D\u00e9couvrez la beaut\u00e9 de la r\u00e9gion lors d'un circuit priv\u00e9 d'une journ\u00e9e dans la campagne toscane, qui vous fera d\u00e9couvrir le <a href=\"https:\/\/www.florencetour.com\/tuscany-countryside-tour\/chianti-and-san-gimignano-guided-tour\/\">Chianti<\/a>, <a href=\"https:\/\/www.florencetour.com\/tuscany-countryside-tour\/san-gimignano-and-siena-guided-tour\/\">Sienne, San Gimignano<\/a> et de nombreuses autres villes et r\u00e9gions de Toscane.<\/p>\n\n\n","protected":false},"excerpt":{"rendered":"<p>VISITES DE LA CAMPAGNE TOSCANE AVENTURE \u00c0 PROXIMIT\u00c9 DE FLORENCE Le paysage que vous verrez lors de ces circuits en Toscane est plein de petites villes m\u00e9di\u00e9vales, de routes sinueuses, de vignobles et d'oliveraies. Avec tant de choses \u00e0 voir, il peut \u00eatre utile d'avoir quelqu'un avec des ann\u00e9es d'exp\u00e9rience pour vous aider avec un...<\/p>\n","protected":false},"author":1,"featured_media":2212,"parent":0,"menu_order":9,"comment_status":"closed","ping_status":"closed","template":"","meta":{"_acf_changed":false,"inline_featured_image":false,"footnotes":""},"categories":[],"tags":[22],"class_list":["post-2718","page","type-page","status-publish","has-post-thumbnail","hentry","tag-categorie-de-circuit"],"acf":[],"yoast_head":"<!-- This site is optimized with the Yoast SEO plugin v24.4 - https:\/\/yoast.com\/wordpress\/plugins\/seo\/ -->\n<title>Randonn\u00e9es dans la campagne Toscane - FlorenceTour<\/title>\n<meta name=\"description\" content=\"Le paysage que vous verrez lors de ces circuits en Toscane est plein de villes m\u00e9di\u00e9vales, de routes sinueuses, de vignobles et d&#039;oliveraies.\" \/>\n<meta name=\"robots\" content=\"index, follow, max-snippet:-1, max-image-preview:large, max-video-preview:-1\" \/>\n<link rel=\"canonical\" href=\"https:\/\/florencetour.com\/fr\/circuits-de-campagne-en-toscane\/\" \/>\n<meta property=\"og:locale\" content=\"fr_FR\" \/>\n<meta property=\"og:type\" content=\"article\" \/>\n<meta property=\"og:title\" content=\"Randonn\u00e9es dans la campagne Toscane - FlorenceTour\" \/>\n<meta property=\"og:description\" content=\"Le paysage que vous verrez lors de ces circuits en Toscane est plein de villes m\u00e9di\u00e9vales, de routes sinueuses, de vignobles et d&#039;oliveraies.\" \/>\n<meta property=\"og:url\" content=\"https:\/\/florencetour.com\/fr\/circuits-de-campagne-en-toscane\/\" \/>\n<meta property=\"og:site_name\" content=\"FlorenceTour\" \/>\n<meta property=\"article:modified_time\" content=\"2025-02-11T01:19:25+00:00\" \/>\n<meta property=\"og:image\" content=\"https:\/\/florencetour.com\/wp-content\/uploads\/2018\/07\/paola-migliorini-chianti-area-tour.jpg\" \/>\n\t<meta property=\"og:image:width\" content=\"1200\" \/>\n\t<meta property=\"og:image:height\" content=\"630\" \/>\n\t<meta property=\"og:image:type\" content=\"image\/jpeg\" \/>\n<meta name=\"twitter:card\" content=\"summary_large_image\" \/>\n<meta name=\"twitter:label1\" content=\"Dur\u00e9e de lecture estim\u00e9e\" \/>\n\t<meta name=\"twitter:data1\" content=\"2 minutes\" \/>\n<script type=\"application\/ld+json\" class=\"yoast-schema-graph\">{\"@context\":\"https:\/\/schema.org\",\"@graph\":[{\"@type\":\"WebPage\",\"@id\":\"https:\/\/florencetour.com\/fr\/circuits-de-campagne-en-toscane\/\",\"url\":\"https:\/\/florencetour.com\/fr\/circuits-de-campagne-en-toscane\/\",\"name\":\"Randonn\u00e9es dans la campagne Toscane - FlorenceTour\",\"isPartOf\":{\"@id\":\"https:\/\/florencetour.com\/fr\/#website\"},\"primaryImageOfPage\":{\"@id\":\"https:\/\/florencetour.com\/fr\/circuits-de-campagne-en-toscane\/#primaryimage\"},\"image\":{\"@id\":\"https:\/\/florencetour.com\/fr\/circuits-de-campagne-en-toscane\/#primaryimage\"},\"thumbnailUrl\":\"https:\/\/florencetour.com\/wp-content\/uploads\/2018\/07\/paola-migliorini-chianti-area-tour.jpg\",\"datePublished\":\"2022-01-19T17:34:37+00:00\",\"dateModified\":\"2025-02-11T01:19:25+00:00\",\"description\":\"Le paysage que vous verrez lors de ces circuits en Toscane est plein de villes m\u00e9di\u00e9vales, de routes sinueuses, de vignobles et d'oliveraies.\",\"breadcrumb\":{\"@id\":\"https:\/\/florencetour.com\/fr\/circuits-de-campagne-en-toscane\/#breadcrumb\"},\"inLanguage\":\"fr-FR\",\"potentialAction\":[{\"@type\":\"ReadAction\",\"target\":[\"https:\/\/florencetour.com\/fr\/circuits-de-campagne-en-toscane\/\"]}]},{\"@type\":\"ImageObject\",\"inLanguage\":\"fr-FR\",\"@id\":\"https:\/\/florencetour.com\/fr\/circuits-de-campagne-en-toscane\/#primaryimage\",\"url\":\"https:\/\/florencetour.com\/wp-content\/uploads\/2018\/07\/paola-migliorini-chianti-area-tour.jpg\",\"contentUrl\":\"https:\/\/florencetour.com\/wp-content\/uploads\/2018\/07\/paola-migliorini-chianti-area-tour.jpg\",\"width\":1200,\"height\":630},{\"@type\":\"BreadcrumbList\",\"@id\":\"https:\/\/florencetour.com\/fr\/circuits-de-campagne-en-toscane\/#breadcrumb\",\"itemListElement\":[{\"@type\":\"ListItem\",\"position\":1,\"name\":\"Home\",\"item\":\"https:\/\/florencetour.com\/fr\/\"},{\"@type\":\"ListItem\",\"position\":2,\"name\":\"Randonn\u00e9es dans la campagne Toscane\"}]},{\"@type\":\"WebSite\",\"@id\":\"https:\/\/florencetour.com\/fr\/#website\",\"url\":\"https:\/\/florencetour.com\/fr\/\",\"name\":\"FlorenceTour\",\"description\":\"Florence Tour Guide\",\"potentialAction\":[{\"@type\":\"SearchAction\",\"target\":{\"@type\":\"EntryPoint\",\"urlTemplate\":\"https:\/\/florencetour.com\/fr\/?s={search_term_string}\"},\"query-input\":{\"@type\":\"PropertyValueSpecification\",\"valueRequired\":true,\"valueName\":\"search_term_string\"}}],\"inLanguage\":\"fr-FR\"}]}<\/script>\n<!-- \/ Yoast SEO plugin. -->","yoast_head_json":{"title":"Randonn\u00e9es dans la campagne Toscane - FlorenceTour","description":"Le paysage que vous verrez lors de ces circuits en Toscane est plein de villes m\u00e9di\u00e9vales, de routes sinueuses, de vignobles et d'oliveraies.","robots":{"index":"index","follow":"follow","max-snippet":"max-snippet:-1","max-image-preview":"max-image-preview:large","max-video-preview":"max-video-preview:-1"},"canonical":"https:\/\/florencetour.com\/fr\/circuits-de-campagne-en-toscane\/","og_locale":"fr_FR","og_type":"article","og_title":"Randonn\u00e9es dans la campagne Toscane - FlorenceTour","og_description":"Le paysage que vous verrez lors de ces circuits en Toscane est plein de villes m\u00e9di\u00e9vales, de routes sinueuses, de vignobles et d'oliveraies.","og_url":"https:\/\/florencetour.com\/fr\/circuits-de-campagne-en-toscane\/","og_site_name":"FlorenceTour","article_modified_time":"2025-02-11T01:19:25+00:00","og_image":[{"width":1200,"height":630,"url":"https:\/\/florencetour.com\/wp-content\/uploads\/2018\/07\/paola-migliorini-chianti-area-tour.jpg","type":"image\/jpeg"}],"twitter_card":"summary_large_image","twitter_misc":{"Dur\u00e9e de lecture estim\u00e9e":"2 minutes"},"schema":{"@context":"https:\/\/schema.org","@graph":[{"@type":"WebPage","@id":"https:\/\/florencetour.com\/fr\/circuits-de-campagne-en-toscane\/","url":"https:\/\/florencetour.com\/fr\/circuits-de-campagne-en-toscane\/","name":"Randonn\u00e9es dans la campagne Toscane - FlorenceTour","isPartOf":{"@id":"https:\/\/florencetour.com\/fr\/#website"},"primaryImageOfPage":{"@id":"https:\/\/florencetour.com\/fr\/circuits-de-campagne-en-toscane\/#primaryimage"},"image":{"@id":"https:\/\/florencetour.com\/fr\/circuits-de-campagne-en-toscane\/#primaryimage"},"thumbnailUrl":"https:\/\/florencetour.com\/wp-content\/uploads\/2018\/07\/paola-migliorini-chianti-area-tour.jpg","datePublished":"2022-01-19T17:34:37+00:00","dateModified":"2025-02-11T01:19:25+00:00","description":"Le paysage que vous verrez lors de ces circuits en Toscane est plein de villes m\u00e9di\u00e9vales, de routes sinueuses, de vignobles et d'oliveraies.","breadcrumb":{"@id":"https:\/\/florencetour.com\/fr\/circuits-de-campagne-en-toscane\/#breadcrumb"},"inLanguage":"fr-FR","potentialAction":[{"@type":"ReadAction","target":["https:\/\/florencetour.com\/fr\/circuits-de-campagne-en-toscane\/"]}]},{"@type":"ImageObject","inLanguage":"fr-FR","@id":"https:\/\/florencetour.com\/fr\/circuits-de-campagne-en-toscane\/#primaryimage","url":"https:\/\/florencetour.com\/wp-content\/uploads\/2018\/07\/paola-migliorini-chianti-area-tour.jpg","contentUrl":"https:\/\/florencetour.com\/wp-content\/uploads\/2018\/07\/paola-migliorini-chianti-area-tour.jpg","width":1200,"height":630},{"@type":"BreadcrumbList","@id":"https:\/\/florencetour.com\/fr\/circuits-de-campagne-en-toscane\/#breadcrumb","itemListElement":[{"@type":"ListItem","position":1,"name":"Home","item":"https:\/\/florencetour.com\/fr\/"},{"@type":"ListItem","position":2,"name":"Randonn\u00e9es dans la campagne Toscane"}]},{"@type":"WebSite","@id":"https:\/\/florencetour.com\/fr\/#website","url":"https:\/\/florencetour.com\/fr\/","name":"FlorenceTour","description":"Florence Tour Guide","potentialAction":[{"@type":"SearchAction","target":{"@type":"EntryPoint","urlTemplate":"https:\/\/florencetour.com\/fr\/?s={search_term_string}"},"query-input":{"@type":"PropertyValueSpecification","valueRequired":true,"valueName":"search_term_string"}}],"inLanguage":"fr-FR"}]}},"_links":{"self":[{"href":"https:\/\/florencetour.com\/fr\/wp-json\/wp\/v2\/pages\/2718","targetHints":{"allow":["GET"]}}],"collection":[{"href":"https:\/\/florencetour.com\/fr\/wp-json\/wp\/v2\/pages"}],"about":[{"href":"https:\/\/florencetour.com\/fr\/wp-json\/wp\/v2\/types\/page"}],"author":[{"embeddable":true,"href":"https:\/\/florencetour.com\/fr\/wp-json\/wp\/v2\/users\/1"}],"replies":[{"embeddable":true,"href":"https:\/\/florencetour.com\/fr\/wp-json\/wp\/v2\/comments?post=2718"}],"version-history":[{"count":0,"href":"https:\/\/florencetour.com\/fr\/wp-json\/wp\/v2\/pages\/2718\/revisions"}],"wp:featuredmedia":[{"embeddable":true,"href":"https:\/\/florencetour.com\/fr\/wp-json\/wp\/v2\/media\/2212"}],"wp:attachment":[{"href":"https:\/\/florencetour.com\/fr\/wp-json\/wp\/v2\/media?parent=2718"}],"wp:term":[{"taxonomy":"category","embeddable":true,"href":"https:\/\/florencetour.com\/fr\/wp-json\/wp\/v2\/categories?post=2718"},{"taxonomy":"post_tag","embeddable":true,"href":"https:\/\/florencetour.com\/fr\/wp-json\/wp\/v2\/tags?post=2718"}],"curies":[{"name":"wp","href":"https:\/\/api.w.org\/{rel}","templated":true}]}}