{"id":2716,"date":"2022-01-19T17:34:27","date_gmt":"2022-01-19T17:34:27","guid":{"rendered":"https:\/\/florencetour.com\/visites-guidees-a-pied-de-florence\/"},"modified":"2025-02-11T01:19:20","modified_gmt":"2025-02-11T01:19:20","slug":"visites-guidees-a-pied-de-florence","status":"publish","type":"page","link":"https:\/\/florencetour.com\/fr\/visites-guidees-a-pied-de-florence\/","title":{"rendered":"Visite guid\u00e9e \u00e0 pied de Florence"},"content":{"rendered":"\n<h3 class=\"has-text-align-center wp-block-heading\" id=\"walking-guided-tours-of-florence-italy\">VISITES GUID\u00c9ES \u00c0 PIED DE FLORENCE ITALIE<\/h3>\n\n<h3 class=\"has-text-align-center wp-block-heading\" id=\"museums-churches-monuments-markets\">MUS\u00c9ES, \u00c9GLISES, MONUMENTS ET MARCH\u00c9S<\/h3>\n\n<hr class=\"wp-block-separator is-style-wide\"\/>\n\n<p>Avec tant de choses \u00e0 voir dans la <strong>ville de la Renaissance<\/strong>, il est \u00e9vident qu'en ajoutant l'une de ces <strong>visites guid\u00e9es priv\u00e9es \u00e0 Florence<\/strong>, votre s\u00e9jour en <a href=\"https:\/\/www.florencetour.com\/special-tuscany-and-beyond-tours\/\" target=\"_blank\" rel=\"noreferrer noopener\"><strong>Toscane<\/strong><\/a> sera plus facile ! Paola et ses partenaires ont mis au point quelques <strong>circuits classiques<\/strong> qui vous feront d\u00e9couvrir les merveilles artistiques et architecturales de Florence.<\/p>\n\n<h2 class=\"wp-block-heading\" id=\"best-museums-to-visit-in-florence\"><strong>LES MEILLEURS MUS\u00c9ES \u00c0 VISITER \u00c0 FLORENCE<\/strong><\/h2>\n\n<p>En tant que berceau de la Ranaissance, Florence en poss\u00e8de d'importantes, telles que <a href=\"https:\/\/www.florencetour.com\/florence-city-tours\/uffizi-gallery-guided-tour-florence-city-visit\/\" target=\"_blank\" rel=\"noreferrer noopener\">\n  <strong>Galerie de peinture des Uffizi<\/strong>\n<\/a>, <a href=\"https:\/\/www.florencetour.com\/florence-city-tours\/accademia-museum-florence-guided-tour\/\" target=\"_blank\" rel=\"noreferrer noopener\">\n  <strong>Accademia des Beaux-Arts<\/strong>\n<\/a> o\u00f9 se trouve l'original <a href=\"https:\/\/en.wikipedia.org\/wiki\/David_(Michelangelo)\" target=\"_blank\" rel=\"noreferrer noopener\">\n  <strong>Le David de Michel-Ange<\/strong>\n<\/a> se trouve, <a href=\"https:\/\/www.uffizi.it\/en\/pitti-palace\" target=\"_blank\" rel=\"noreferrer noopener\">\n  <strong>Palais Pitti<\/strong>\n<\/a> avec le <strong>jardin Boboli<\/strong> inclus, <a href=\"https:\/\/en.wikipedia.org\/wiki\/Bargello\" target=\"_blank\" rel=\"noreferrer noopener\">\n  <strong>Mus\u00e9e national du Bargello<\/strong>\n<\/a> de sculpture, les chapelles M\u00e9dicis, la <strong>chapelle Brancacci<\/strong> avec les premi\u00e8res fresques de la Renaissance par Massaccio.<\/p>\n\n<h2 class=\"wp-block-heading\" id=\"tours-of-florence-churches\"><strong>VISITES DES \u00c9GLISES DE FLORENCE<\/strong><\/h2>\n\n<div class=\"wp-block-image\"><figure class=\"alignright size-full is-resized\"><img loading=\"lazy\" decoding=\"async\" src=\"https:\/\/florencetour.com\/wp-content\/uploads\/2018\/07\/paola-migliorini-duomo.jpg\" alt=\"Cath&#xE9;drale de Florence\" class=\"wp-image-2219\" width=\"450\" height=\"276\" srcset=\"https:\/\/florencetour.com\/wp-content\/uploads\/2018\/07\/paola-migliorini-duomo.jpg 900w, https:\/\/florencetour.com\/wp-content\/uploads\/2018\/07\/paola-migliorini-duomo-300x184.jpg 300w, https:\/\/florencetour.com\/wp-content\/uploads\/2018\/07\/paola-migliorini-duomo-768x471.jpg 768w\" sizes=\"auto, (max-width: 450px) 100vw, 450px\" \/><\/figure><\/div>\n\n<p>La plus grande <a href=\"https:\/\/duomo.firenze.it\/en\/home\" target=\"_blank\" rel=\"noreferrer noopener\">\n  <strong>Cath\u00e9drale Santa Maria del Fiore<\/strong>\n<\/a> <strong>Santa Croce<\/strong>, l'\u00e9glise franciscaine connue pour ses c\u00e9l\u00e8bres gloires florentines enterr\u00e9es, <strong>Santa Maria Novella<\/strong>, l'\u00e9glise dominicaine, <strong>Santa Maria del Carmine<\/strong> connue pour les <strong>fresques de Masaccio<\/strong>, <strong>Santo Spirito<\/strong>, l'\u00e9glise agostinienne connue pour le crucifix de Michel-Ange.<\/p>\n\n<h2 class=\"wp-block-heading\" id=\"most-famous-florence-monuments\"><strong>LES MONUMENTS LES PLUS C\u00c9L\u00c8BRES DE FLORENCE<\/strong><\/h2>\n\n<p>Lors de mes visites guid\u00e9es de Florence, je propose le <a href=\"https:\/\/www.palazzomediciriccardi.it\/en\/\" target=\"_blank\" rel=\"noreferrer noopener\"><strong>Palais M\u00e9dicis<\/strong><\/a> la premi\u00e8re r\u00e9sidence du Grand Duc de Toscane, ou nous pouvons visiter le <strong>Palazzo Vecchio<\/strong>, la forteresse m\u00e9di\u00e9vale, notre actuel h\u00f4tel de ville, le <strong>Palais Pitti<\/strong>, la troisi\u00e8me r\u00e9sidence de la famille M\u00e9dicis.<\/p>\n\n<h2 class=\"wp-block-heading\" id=\"florence-markets-experiences\"><strong>EXP\u00c9RIENCES DES MARCH\u00c9S DE FLORENCE<\/strong><\/h2>\n\n<div class=\"wp-block-image\"><figure class=\"alignleft size-medium\"><img loading=\"lazy\" decoding=\"async\" width=\"300\" height=\"225\" src=\"https:\/\/florencetour.com\/wp-content\/uploads\/2021\/04\/van-3-300x225.jpeg\" alt=\"\" class=\"wp-image-2425\" srcset=\"https:\/\/florencetour.com\/wp-content\/uploads\/2021\/04\/van-3-300x225.jpeg 300w, https:\/\/florencetour.com\/wp-content\/uploads\/2021\/04\/van-3-1024x768.jpeg 1024w, https:\/\/florencetour.com\/wp-content\/uploads\/2021\/04\/van-3-768x576.jpeg 768w, https:\/\/florencetour.com\/wp-content\/uploads\/2021\/04\/van-3-1536x1152.jpeg 1536w, https:\/\/florencetour.com\/wp-content\/uploads\/2021\/04\/van-3.jpeg 2048w\" sizes=\"auto, (max-width: 300px) 100vw, 300px\" \/><figcaption>Fourgon priv\u00e9 9 places avec permis NCC pour entrer dans la zone \u00e0 circulation limit\u00e9e.<\/figcaption><\/figure><\/div>\n\n<p>Nous visiterons le <a href=\"https:\/\/www.mercatocentrale.com\/florence\/\" target=\"_blank\" rel=\"noreferrer noopener\"><strong>Mercato Centrale de San Lorenzo<\/strong><\/a> un march\u00e9 du cuir et de l'alimentation, tr\u00e8s central, mais je vous sugg\u00e8re le petit march\u00e9 local de Sant Ambrogio, ouvert uniquement le matin. Il y a m\u00eame le <strong>petit march\u00e9 de l'occasion et des fruits et l\u00e9gumes de Santo Spirito<\/strong>, le seul de la rive gauche de l'Arno.<\/p>\n\n<p>En parcourant la s\u00e9lection ci-dessous, vous trouverez des visites guid\u00e9es de mus\u00e9es qui mettent en valeur les chefs-d'\u0153uvre qu'ils renferment. <a href=\"https:\/\/www.florencetour.com\/florence-city-tours\/accademia-uffizi-tour-florence-city-visit\/\" target=\"_blank\" rel=\"noreferrer noopener\">\n  <strong>visites de mus\u00e9es<\/strong>\n<\/a> qui mettent en valeur les chefs-d'\u0153uvre qu'ils renferment et des visites guid\u00e9es de villes qui font revivre les rues, les palais et les \u00e9glises en racontant des histoires et des d\u00e9tails de leur illustre pass\u00e9.<\/p>\n\n<p>D\u00e9couvrez des <strong>ruines romaines<\/strong>, des passages secrets et \u00e9coutez les l\u00e9gendes cach\u00e9es dans les rues de la ville. Paola et ses partenaires savent comment vous s\u00e9duire avec les secrets de cette ville magique - y compris les indications pour les <strong>meilleurs magasins et restaurants<\/strong>.<\/p>\n","protected":false},"excerpt":{"rendered":"<p>VISITES GUID\u00c9ES \u00c0 PIED DE FLORENCE ITALIE MUS\u00c9ES, \u00c9GLISES, MONUMENTS ET MARCH\u00c9S Avec tant de choses \u00e0 voir dans la ville de la Renaissance, il est \u00e9vident qu'en ajoutant l'une de ces visites guid\u00e9es priv\u00e9es \u00e0 Florence, votre s\u00e9jour en Toscane sera plus facile ! Paola et ses partenaires ont mis au point quelques circuits...<\/p>\n","protected":false},"author":1,"featured_media":2398,"parent":0,"menu_order":7,"comment_status":"closed","ping_status":"closed","template":"","meta":{"_acf_changed":false,"inline_featured_image":false,"footnotes":""},"categories":[],"tags":[22],"class_list":["post-2716","page","type-page","status-publish","has-post-thumbnail","hentry","tag-categorie-de-circuit"],"acf":[],"yoast_head":"<!-- This site is optimized with the Yoast SEO plugin v24.4 - https:\/\/yoast.com\/wordpress\/plugins\/seo\/ -->\n<title>Visites guid\u00e9es \u00e0 pied de Florence - Florencetour.com<\/title>\n<meta name=\"description\" content=\"Il y a tant \u00e0 voir \u00e0 Florence que l&#039;ajout de l&#039;une de ces visites guid\u00e9es priv\u00e9es \u00e0 pied facilitera votre s\u00e9jour.\" \/>\n<meta name=\"robots\" content=\"index, follow, max-snippet:-1, max-image-preview:large, max-video-preview:-1\" \/>\n<link rel=\"canonical\" href=\"https:\/\/florencetour.com\/fr\/visites-guidees-a-pied-de-florence\/\" \/>\n<meta property=\"og:locale\" content=\"fr_FR\" \/>\n<meta property=\"og:type\" content=\"article\" \/>\n<meta property=\"og:title\" content=\"Visites guid\u00e9es \u00e0 pied de Florence - Florencetour.com\" \/>\n<meta property=\"og:description\" content=\"Il y a tant \u00e0 voir \u00e0 Florence que l&#039;ajout de l&#039;une de ces visites guid\u00e9es priv\u00e9es \u00e0 pied facilitera votre s\u00e9jour.\" \/>\n<meta property=\"og:url\" content=\"https:\/\/florencetour.com\/fr\/visites-guidees-a-pied-de-florence\/\" \/>\n<meta property=\"og:site_name\" content=\"FlorenceTour\" \/>\n<meta property=\"article:modified_time\" content=\"2025-02-11T01:19:20+00:00\" \/>\n<meta property=\"og:image\" content=\"https:\/\/florencetour.com\/wp-content\/uploads\/2020\/04\/shutterstock_119813260.jpg\" \/>\n\t<meta property=\"og:image:width\" content=\"1000\" \/>\n\t<meta property=\"og:image:height\" content=\"535\" \/>\n\t<meta property=\"og:image:type\" content=\"image\/jpeg\" \/>\n<meta name=\"twitter:card\" content=\"summary_large_image\" \/>\n<meta name=\"twitter:label1\" content=\"Dur\u00e9e de lecture estim\u00e9e\" \/>\n\t<meta name=\"twitter:data1\" content=\"3 minutes\" \/>\n<script type=\"application\/ld+json\" class=\"yoast-schema-graph\">{\"@context\":\"https:\/\/schema.org\",\"@graph\":[{\"@type\":\"WebPage\",\"@id\":\"https:\/\/florencetour.com\/fr\/visites-guidees-a-pied-de-florence\/\",\"url\":\"https:\/\/florencetour.com\/fr\/visites-guidees-a-pied-de-florence\/\",\"name\":\"Visites guid\u00e9es \u00e0 pied de Florence - Florencetour.com\",\"isPartOf\":{\"@id\":\"https:\/\/florencetour.com\/fr\/#website\"},\"primaryImageOfPage\":{\"@id\":\"https:\/\/florencetour.com\/fr\/visites-guidees-a-pied-de-florence\/#primaryimage\"},\"image\":{\"@id\":\"https:\/\/florencetour.com\/fr\/visites-guidees-a-pied-de-florence\/#primaryimage\"},\"thumbnailUrl\":\"https:\/\/florencetour.com\/wp-content\/uploads\/2020\/04\/shutterstock_119813260.jpg\",\"datePublished\":\"2022-01-19T17:34:27+00:00\",\"dateModified\":\"2025-02-11T01:19:20+00:00\",\"description\":\"Il y a tant \u00e0 voir \u00e0 Florence que l'ajout de l'une de ces visites guid\u00e9es priv\u00e9es \u00e0 pied facilitera votre s\u00e9jour.\",\"breadcrumb\":{\"@id\":\"https:\/\/florencetour.com\/fr\/visites-guidees-a-pied-de-florence\/#breadcrumb\"},\"inLanguage\":\"fr-FR\",\"potentialAction\":[{\"@type\":\"ReadAction\",\"target\":[\"https:\/\/florencetour.com\/fr\/visites-guidees-a-pied-de-florence\/\"]}]},{\"@type\":\"ImageObject\",\"inLanguage\":\"fr-FR\",\"@id\":\"https:\/\/florencetour.com\/fr\/visites-guidees-a-pied-de-florence\/#primaryimage\",\"url\":\"https:\/\/florencetour.com\/wp-content\/uploads\/2020\/04\/shutterstock_119813260.jpg\",\"contentUrl\":\"https:\/\/florencetour.com\/wp-content\/uploads\/2020\/04\/shutterstock_119813260.jpg\",\"width\":1000,\"height\":535},{\"@type\":\"BreadcrumbList\",\"@id\":\"https:\/\/florencetour.com\/fr\/visites-guidees-a-pied-de-florence\/#breadcrumb\",\"itemListElement\":[{\"@type\":\"ListItem\",\"position\":1,\"name\":\"Home\",\"item\":\"https:\/\/florencetour.com\/fr\/\"},{\"@type\":\"ListItem\",\"position\":2,\"name\":\"Visite guid\u00e9e \u00e0 pied de Florence\"}]},{\"@type\":\"WebSite\",\"@id\":\"https:\/\/florencetour.com\/fr\/#website\",\"url\":\"https:\/\/florencetour.com\/fr\/\",\"name\":\"FlorenceTour\",\"description\":\"Florence Tour Guide\",\"potentialAction\":[{\"@type\":\"SearchAction\",\"target\":{\"@type\":\"EntryPoint\",\"urlTemplate\":\"https:\/\/florencetour.com\/fr\/?s={search_term_string}\"},\"query-input\":{\"@type\":\"PropertyValueSpecification\",\"valueRequired\":true,\"valueName\":\"search_term_string\"}}],\"inLanguage\":\"fr-FR\"}]}<\/script>\n<!-- \/ Yoast SEO plugin. -->","yoast_head_json":{"title":"Visites guid\u00e9es \u00e0 pied de Florence - Florencetour.com","description":"Il y a tant \u00e0 voir \u00e0 Florence que l'ajout de l'une de ces visites guid\u00e9es priv\u00e9es \u00e0 pied facilitera votre s\u00e9jour.","robots":{"index":"index","follow":"follow","max-snippet":"max-snippet:-1","max-image-preview":"max-image-preview:large","max-video-preview":"max-video-preview:-1"},"canonical":"https:\/\/florencetour.com\/fr\/visites-guidees-a-pied-de-florence\/","og_locale":"fr_FR","og_type":"article","og_title":"Visites guid\u00e9es \u00e0 pied de Florence - Florencetour.com","og_description":"Il y a tant \u00e0 voir \u00e0 Florence que l'ajout de l'une de ces visites guid\u00e9es priv\u00e9es \u00e0 pied facilitera votre s\u00e9jour.","og_url":"https:\/\/florencetour.com\/fr\/visites-guidees-a-pied-de-florence\/","og_site_name":"FlorenceTour","article_modified_time":"2025-02-11T01:19:20+00:00","og_image":[{"width":1000,"height":535,"url":"https:\/\/florencetour.com\/wp-content\/uploads\/2020\/04\/shutterstock_119813260.jpg","type":"image\/jpeg"}],"twitter_card":"summary_large_image","twitter_misc":{"Dur\u00e9e de lecture estim\u00e9e":"3 minutes"},"schema":{"@context":"https:\/\/schema.org","@graph":[{"@type":"WebPage","@id":"https:\/\/florencetour.com\/fr\/visites-guidees-a-pied-de-florence\/","url":"https:\/\/florencetour.com\/fr\/visites-guidees-a-pied-de-florence\/","name":"Visites guid\u00e9es \u00e0 pied de Florence - Florencetour.com","isPartOf":{"@id":"https:\/\/florencetour.com\/fr\/#website"},"primaryImageOfPage":{"@id":"https:\/\/florencetour.com\/fr\/visites-guidees-a-pied-de-florence\/#primaryimage"},"image":{"@id":"https:\/\/florencetour.com\/fr\/visites-guidees-a-pied-de-florence\/#primaryimage"},"thumbnailUrl":"https:\/\/florencetour.com\/wp-content\/uploads\/2020\/04\/shutterstock_119813260.jpg","datePublished":"2022-01-19T17:34:27+00:00","dateModified":"2025-02-11T01:19:20+00:00","description":"Il y a tant \u00e0 voir \u00e0 Florence que l'ajout de l'une de ces visites guid\u00e9es priv\u00e9es \u00e0 pied facilitera votre s\u00e9jour.","breadcrumb":{"@id":"https:\/\/florencetour.com\/fr\/visites-guidees-a-pied-de-florence\/#breadcrumb"},"inLanguage":"fr-FR","potentialAction":[{"@type":"ReadAction","target":["https:\/\/florencetour.com\/fr\/visites-guidees-a-pied-de-florence\/"]}]},{"@type":"ImageObject","inLanguage":"fr-FR","@id":"https:\/\/florencetour.com\/fr\/visites-guidees-a-pied-de-florence\/#primaryimage","url":"https:\/\/florencetour.com\/wp-content\/uploads\/2020\/04\/shutterstock_119813260.jpg","contentUrl":"https:\/\/florencetour.com\/wp-content\/uploads\/2020\/04\/shutterstock_119813260.jpg","width":1000,"height":535},{"@type":"BreadcrumbList","@id":"https:\/\/florencetour.com\/fr\/visites-guidees-a-pied-de-florence\/#breadcrumb","itemListElement":[{"@type":"ListItem","position":1,"name":"Home","item":"https:\/\/florencetour.com\/fr\/"},{"@type":"ListItem","position":2,"name":"Visite guid\u00e9e \u00e0 pied de Florence"}]},{"@type":"WebSite","@id":"https:\/\/florencetour.com\/fr\/#website","url":"https:\/\/florencetour.com\/fr\/","name":"FlorenceTour","description":"Florence Tour Guide","potentialAction":[{"@type":"SearchAction","target":{"@type":"EntryPoint","urlTemplate":"https:\/\/florencetour.com\/fr\/?s={search_term_string}"},"query-input":{"@type":"PropertyValueSpecification","valueRequired":true,"valueName":"search_term_string"}}],"inLanguage":"fr-FR"}]}},"_links":{"self":[{"href":"https:\/\/florencetour.com\/fr\/wp-json\/wp\/v2\/pages\/2716","targetHints":{"allow":["GET"]}}],"collection":[{"href":"https:\/\/florencetour.com\/fr\/wp-json\/wp\/v2\/pages"}],"about":[{"href":"https:\/\/florencetour.com\/fr\/wp-json\/wp\/v2\/types\/page"}],"author":[{"embeddable":true,"href":"https:\/\/florencetour.com\/fr\/wp-json\/wp\/v2\/users\/1"}],"replies":[{"embeddable":true,"href":"https:\/\/florencetour.com\/fr\/wp-json\/wp\/v2\/comments?post=2716"}],"version-history":[{"count":0,"href":"https:\/\/florencetour.com\/fr\/wp-json\/wp\/v2\/pages\/2716\/revisions"}],"wp:featuredmedia":[{"embeddable":true,"href":"https:\/\/florencetour.com\/fr\/wp-json\/wp\/v2\/media\/2398"}],"wp:attachment":[{"href":"https:\/\/florencetour.com\/fr\/wp-json\/wp\/v2\/media?parent=2716"}],"wp:term":[{"taxonomy":"category","embeddable":true,"href":"https:\/\/florencetour.com\/fr\/wp-json\/wp\/v2\/categories?post=2716"},{"taxonomy":"post_tag","embeddable":true,"href":"https:\/\/florencetour.com\/fr\/wp-json\/wp\/v2\/tags?post=2716"}],"curies":[{"name":"wp","href":"https:\/\/api.w.org\/{rel}","templated":true}]}}