{"id":2712,"date":"2022-01-19T17:33:46","date_gmt":"2022-01-19T17:33:46","guid":{"rendered":"https:\/\/florencetour.com\/a-propos-de\/"},"modified":"2022-01-25T11:44:06","modified_gmt":"2022-01-25T11:44:06","slug":"a-propos-de","status":"publish","type":"page","link":"https:\/\/florencetour.com\/fr\/a-propos-de\/","title":{"rendered":"\u00c0 propos de"},"content":{"rendered":"","protected":false},"excerpt":{"rendered":"","protected":false},"author":1,"featured_media":2438,"parent":0,"menu_order":4,"comment_status":"closed","ping_status":"closed","template":"","meta":{"_acf_changed":false,"inline_featured_image":false,"footnotes":""},"categories":[],"tags":[],"class_list":["post-2712","page","type-page","status-publish","has-post-thumbnail","hentry"],"acf":[],"yoast_head":"<!-- This site is optimized with the Yoast SEO plugin v24.4 - https:\/\/yoast.com\/wordpress\/plugins\/seo\/ -->\n<title>\u00c0 propos de visites priv\u00e9es de Florence et de la Toscane - FlorenceTour<\/title>\n<meta name=\"description\" content=\"Une id\u00e9e unique con\u00e7ue par une experte florentine dans le domaine du tourisme : Paola Migliorini.\" \/>\n<meta name=\"robots\" content=\"index, follow, max-snippet:-1, max-image-preview:large, max-video-preview:-1\" \/>\n<link rel=\"canonical\" href=\"https:\/\/florencetour.com\/fr\/a-propos-de\/\" \/>\n<meta property=\"og:locale\" content=\"fr_FR\" \/>\n<meta property=\"og:type\" content=\"article\" \/>\n<meta property=\"og:title\" content=\"\u00c0 propos de visites priv\u00e9es de Florence et de la Toscane - FlorenceTour\" \/>\n<meta property=\"og:description\" content=\"Une id\u00e9e unique con\u00e7ue par une experte florentine dans le domaine du tourisme : Paola Migliorini.\" \/>\n<meta property=\"og:url\" content=\"https:\/\/florencetour.com\/fr\/a-propos-de\/\" \/>\n<meta property=\"og:site_name\" content=\"FlorenceTour\" \/>\n<meta property=\"article:modified_time\" content=\"2022-01-25T11:44:06+00:00\" \/>\n<meta property=\"og:image\" content=\"https:\/\/florencetour.com\/wp-content\/uploads\/2021\/05\/header-3.jpg\" \/>\n\t<meta property=\"og:image:width\" content=\"2560\" \/>\n\t<meta property=\"og:image:height\" content=\"1707\" \/>\n\t<meta property=\"og:image:type\" content=\"image\/jpeg\" \/>\n<meta name=\"twitter:card\" content=\"summary_large_image\" \/>\n<script type=\"application\/ld+json\" class=\"yoast-schema-graph\">{\"@context\":\"https:\/\/schema.org\",\"@graph\":[{\"@type\":\"WebPage\",\"@id\":\"https:\/\/florencetour.com\/fr\/a-propos-de\/\",\"url\":\"https:\/\/florencetour.com\/fr\/a-propos-de\/\",\"name\":\"\u00c0 propos de visites priv\u00e9es de Florence et de la Toscane - FlorenceTour\",\"isPartOf\":{\"@id\":\"https:\/\/florencetour.com\/fr\/#website\"},\"primaryImageOfPage\":{\"@id\":\"https:\/\/florencetour.com\/fr\/a-propos-de\/#primaryimage\"},\"image\":{\"@id\":\"https:\/\/florencetour.com\/fr\/a-propos-de\/#primaryimage\"},\"thumbnailUrl\":\"https:\/\/florencetour.com\/wp-content\/uploads\/2021\/05\/header-3.jpg\",\"datePublished\":\"2022-01-19T17:33:46+00:00\",\"dateModified\":\"2022-01-25T11:44:06+00:00\",\"description\":\"Une id\u00e9e unique con\u00e7ue par une experte florentine dans le domaine du tourisme : Paola Migliorini.\",\"breadcrumb\":{\"@id\":\"https:\/\/florencetour.com\/fr\/a-propos-de\/#breadcrumb\"},\"inLanguage\":\"fr-FR\",\"potentialAction\":[{\"@type\":\"ReadAction\",\"target\":[\"https:\/\/florencetour.com\/fr\/a-propos-de\/\"]}]},{\"@type\":\"ImageObject\",\"inLanguage\":\"fr-FR\",\"@id\":\"https:\/\/florencetour.com\/fr\/a-propos-de\/#primaryimage\",\"url\":\"https:\/\/florencetour.com\/wp-content\/uploads\/2021\/05\/header-3.jpg\",\"contentUrl\":\"https:\/\/florencetour.com\/wp-content\/uploads\/2021\/05\/header-3.jpg\",\"width\":2560,\"height\":1707,\"caption\":\"UN AMOUR INTRINS\u00c8QUE POUR LA FLORENCE ET LA TOSCANE\"},{\"@type\":\"BreadcrumbList\",\"@id\":\"https:\/\/florencetour.com\/fr\/a-propos-de\/#breadcrumb\",\"itemListElement\":[{\"@type\":\"ListItem\",\"position\":1,\"name\":\"Home\",\"item\":\"https:\/\/florencetour.com\/fr\/\"},{\"@type\":\"ListItem\",\"position\":2,\"name\":\"\u00c0 propos de\"}]},{\"@type\":\"WebSite\",\"@id\":\"https:\/\/florencetour.com\/fr\/#website\",\"url\":\"https:\/\/florencetour.com\/fr\/\",\"name\":\"FlorenceTour\",\"description\":\"Florence Tour Guide\",\"potentialAction\":[{\"@type\":\"SearchAction\",\"target\":{\"@type\":\"EntryPoint\",\"urlTemplate\":\"https:\/\/florencetour.com\/fr\/?s={search_term_string}\"},\"query-input\":{\"@type\":\"PropertyValueSpecification\",\"valueRequired\":true,\"valueName\":\"search_term_string\"}}],\"inLanguage\":\"fr-FR\"}]}<\/script>\n<!-- \/ Yoast SEO plugin. -->","yoast_head_json":{"title":"\u00c0 propos de visites priv\u00e9es de Florence et de la Toscane - FlorenceTour","description":"Une id\u00e9e unique con\u00e7ue par une experte florentine dans le domaine du tourisme : Paola Migliorini.","robots":{"index":"index","follow":"follow","max-snippet":"max-snippet:-1","max-image-preview":"max-image-preview:large","max-video-preview":"max-video-preview:-1"},"canonical":"https:\/\/florencetour.com\/fr\/a-propos-de\/","og_locale":"fr_FR","og_type":"article","og_title":"\u00c0 propos de visites priv\u00e9es de Florence et de la Toscane - FlorenceTour","og_description":"Une id\u00e9e unique con\u00e7ue par une experte florentine dans le domaine du tourisme : Paola Migliorini.","og_url":"https:\/\/florencetour.com\/fr\/a-propos-de\/","og_site_name":"FlorenceTour","article_modified_time":"2022-01-25T11:44:06+00:00","og_image":[{"width":2560,"height":1707,"url":"https:\/\/florencetour.com\/wp-content\/uploads\/2021\/05\/header-3.jpg","type":"image\/jpeg"}],"twitter_card":"summary_large_image","schema":{"@context":"https:\/\/schema.org","@graph":[{"@type":"WebPage","@id":"https:\/\/florencetour.com\/fr\/a-propos-de\/","url":"https:\/\/florencetour.com\/fr\/a-propos-de\/","name":"\u00c0 propos de visites priv\u00e9es de Florence et de la Toscane - FlorenceTour","isPartOf":{"@id":"https:\/\/florencetour.com\/fr\/#website"},"primaryImageOfPage":{"@id":"https:\/\/florencetour.com\/fr\/a-propos-de\/#primaryimage"},"image":{"@id":"https:\/\/florencetour.com\/fr\/a-propos-de\/#primaryimage"},"thumbnailUrl":"https:\/\/florencetour.com\/wp-content\/uploads\/2021\/05\/header-3.jpg","datePublished":"2022-01-19T17:33:46+00:00","dateModified":"2022-01-25T11:44:06+00:00","description":"Une id\u00e9e unique con\u00e7ue par une experte florentine dans le domaine du tourisme : Paola Migliorini.","breadcrumb":{"@id":"https:\/\/florencetour.com\/fr\/a-propos-de\/#breadcrumb"},"inLanguage":"fr-FR","potentialAction":[{"@type":"ReadAction","target":["https:\/\/florencetour.com\/fr\/a-propos-de\/"]}]},{"@type":"ImageObject","inLanguage":"fr-FR","@id":"https:\/\/florencetour.com\/fr\/a-propos-de\/#primaryimage","url":"https:\/\/florencetour.com\/wp-content\/uploads\/2021\/05\/header-3.jpg","contentUrl":"https:\/\/florencetour.com\/wp-content\/uploads\/2021\/05\/header-3.jpg","width":2560,"height":1707,"caption":"UN AMOUR INTRINS\u00c8QUE POUR LA FLORENCE ET LA TOSCANE"},{"@type":"BreadcrumbList","@id":"https:\/\/florencetour.com\/fr\/a-propos-de\/#breadcrumb","itemListElement":[{"@type":"ListItem","position":1,"name":"Home","item":"https:\/\/florencetour.com\/fr\/"},{"@type":"ListItem","position":2,"name":"\u00c0 propos de"}]},{"@type":"WebSite","@id":"https:\/\/florencetour.com\/fr\/#website","url":"https:\/\/florencetour.com\/fr\/","name":"FlorenceTour","description":"Florence Tour Guide","potentialAction":[{"@type":"SearchAction","target":{"@type":"EntryPoint","urlTemplate":"https:\/\/florencetour.com\/fr\/?s={search_term_string}"},"query-input":{"@type":"PropertyValueSpecification","valueRequired":true,"valueName":"search_term_string"}}],"inLanguage":"fr-FR"}]}},"_links":{"self":[{"href":"https:\/\/florencetour.com\/fr\/wp-json\/wp\/v2\/pages\/2712","targetHints":{"allow":["GET"]}}],"collection":[{"href":"https:\/\/florencetour.com\/fr\/wp-json\/wp\/v2\/pages"}],"about":[{"href":"https:\/\/florencetour.com\/fr\/wp-json\/wp\/v2\/types\/page"}],"author":[{"embeddable":true,"href":"https:\/\/florencetour.com\/fr\/wp-json\/wp\/v2\/users\/1"}],"replies":[{"embeddable":true,"href":"https:\/\/florencetour.com\/fr\/wp-json\/wp\/v2\/comments?post=2712"}],"version-history":[{"count":0,"href":"https:\/\/florencetour.com\/fr\/wp-json\/wp\/v2\/pages\/2712\/revisions"}],"wp:featuredmedia":[{"embeddable":true,"href":"https:\/\/florencetour.com\/fr\/wp-json\/wp\/v2\/media\/2438"}],"wp:attachment":[{"href":"https:\/\/florencetour.com\/fr\/wp-json\/wp\/v2\/media?parent=2712"}],"wp:term":[{"taxonomy":"category","embeddable":true,"href":"https:\/\/florencetour.com\/fr\/wp-json\/wp\/v2\/categories?post=2712"},{"taxonomy":"post_tag","embeddable":true,"href":"https:\/\/florencetour.com\/fr\/wp-json\/wp\/v2\/tags?post=2712"}],"curies":[{"name":"wp","href":"https:\/\/api.w.org\/{rel}","templated":true}]}}